{"id":23,"date":"2024-02-14T12:12:30","date_gmt":"2024-02-14T12:12:30","guid":{"rendered":"http:\/\/hfg.pfg.mybluehost.me\/?post_type=product&#038;p=23"},"modified":"2026-01-23T00:52:54","modified_gmt":"2026-01-23T00:52:54","slug":"camino-inca-expedicion-grupal-4-dias","status":"publish","type":"product","link":"https:\/\/trueandes.com\/es\/tour\/camino-inca-expedicion-grupal-4-dias\/","title":{"rendered":"Camino Inca 4 d\u00edas en expedici\u00f3n grupal"},"content":{"rendered":"<h3 data-start=\"351\" data-end=\"427\">Camino Inca Cl\u00e1sico de 4 d\u00edas a Machu Picchu \u2013 Expedici\u00f3n grupal de TrueAndes<\/h3>\n<p data-start=\"429\" data-end=\"762\">Experimente el legendario Camino Inca Cl\u00e1sico de 4 d\u00edas en los Andes con <strong data-start=\"497\" data-end=\"510\">TrueAndes<\/strong>El especialista en viajes premium de Per\u00fa. Este dise\u00f1o experto... <strong data-start=\"569\" data-end=\"589\">expedici\u00f3n en grupo<\/strong> Combina inmersi\u00f3n cultural, paisajes impresionantes y los m\u00e1s altos est\u00e1ndares de seguridad y comodidad, brindando un viaje inolvidable al coraz\u00f3n del mundo Inca.<\/p>\n<p data-start=\"764\" data-end=\"1227\">El Camino Inca Cl\u00e1sico es m\u00e1s que una caminata: es un recorrido a trav\u00e9s de la historia. Recorra los senderos de piedra originales construidos hace siglos por los incas, atravesando bosques nubosos, valles altoandinos y sitios arqueol\u00f3gicos m\u00edsticos que pocos viajeros conocen. Su viaje culmina en... <strong data-start=\"1064\" data-end=\"1089\">Puerta del Sol (Eres punk)<\/strong>, donde la primera vista impresionante de Machu Picchu recompensa sus esfuerzos, un momento verdaderamente inolvidable compartido con sus compa\u00f1eros de viaje.<\/p>\n<h4 data-start=\"1234\" data-end=\"1270\"><strong data-start=\"1237\" data-end=\"1268\">\u00bfQu\u00e9 hace que TrueAndes sea \u00fanico?<\/strong><\/h4>\n<p data-start=\"1272\" data-end=\"1722\">En TrueAndes, todas las expediciones del Camino Inca Cl\u00e1sico son <strong data-start=\"1325\" data-end=\"1365\">Operado directamente por nuestro equipo de expertos<\/strong>, nunca subcontratado. Esto garantiza <strong data-start=\"1398\" data-end=\"1492\">Calidad constante, atenci\u00f3n personalizada y control total sobre la log\u00edstica y la seguridad.<\/strong>Nuestros gu\u00edas certificados est\u00e1n altamente capacitados en historia inca, arqueolog\u00eda, trekking en altura y primeros auxilios. Brindan <strong data-start=\"1616\" data-end=\"1652\">interpretaci\u00f3n cultural en profundidad<\/strong>, manteniendo al grupo informado, comprometido y seguro durante toda la caminata.<\/p>\n<p data-start=\"1724\" data-end=\"2141\">Nuestro equipo de porteadores es uno de los <strong data-start=\"1754\" data-end=\"1785\">m\u00e1s respetado en los Andes<\/strong>Manteniendo estrictos est\u00e1ndares \u00e9ticos, una compensaci\u00f3n justa y una atenci\u00f3n adecuada. Junto con nuestros chefs profesionales de monta\u00f1a, ofrecen... <strong data-start=\"1919\" data-end=\"1946\">comidas frescas y nutritivas<\/strong>Preparados cuidadosamente para brindar energ\u00eda y comodidad a gran altitud. Cada detalle del viaje refleja la esencia de TrueAndes. <strong data-start=\"2067\" data-end=\"2138\">compromiso con la excelencia, la sostenibilidad y la preservaci\u00f3n cultural<\/strong>.<\/p>\n<h4 data-start=\"2148\" data-end=\"2184\"><strong data-start=\"2151\" data-end=\"2182\">Aspectos destacados de la experiencia grupal<\/strong><\/h4>\n<ul data-start=\"2186\" data-end=\"2821\">\n<li data-start=\"2186\" data-end=\"2369\">\n<p data-start=\"2188\" data-end=\"2369\"><strong data-start=\"2188\" data-end=\"2213\">Caminata guiada por expertos:<\/strong> \u00danase a un grupo peque\u00f1o y seleccionado dirigido por gu\u00edas certificados que hablan ingl\u00e9s y que brindan informaci\u00f3n sobre la historia, la cultura y el entorno natural del sendero.<\/p>\n<\/li>\n<li data-start=\"2370\" data-end=\"2552\">\n<p data-start=\"2372\" data-end=\"2552\"><strong data-start=\"2372\" data-end=\"2395\">Inmersi\u00f3n cultural:<\/strong> Visite sitios arqueol\u00f3gicos emblem\u00e1ticos a lo largo de la ruta, incluidos <strong data-start=\"2457\" data-end=\"2549\">Arriba\/Ciudad, Correr, De pie, Nube, Sol y Eterna Juventud<\/strong>.<\/p>\n<\/li>\n<li data-start=\"2553\" data-end=\"2689\">\n<p data-start=\"2555\" data-end=\"2689\"><strong data-start=\"2555\" data-end=\"2578\">Vistas impresionantes:<\/strong> Panoramas de gran altitud, bosques nubosos y valles en terrazas conectan a los viajeros con el esp\u00edritu de los Andes.<\/p>\n<\/li>\n<li data-start=\"2690\" data-end=\"2821\">\n<p data-start=\"2692\" data-end=\"2821\"><strong data-start=\"2692\" data-end=\"2713\">Llegada a la Puerta del Sol:<\/strong> Entrada exclusiva a trav\u00e9s de <strong data-start=\"2738\" data-end=\"2752\">Eres un punk<\/strong>, proporcionando la primera vista majestuosa de Machu Picchu para su grupo.<\/p>\n<\/li>\n<\/ul>\n<h4 data-start=\"2828\" data-end=\"2859\"><strong data-start=\"2831\" data-end=\"2857\">Servicios de lujo para grupos<\/strong><\/h4>\n<ul data-start=\"2861\" data-end=\"3349\">\n<li data-start=\"2861\" data-end=\"2988\">\n<p data-start=\"2863\" data-end=\"2988\"><strong data-start=\"2863\" data-end=\"2893\">Equipo de camping de primera calidad:<\/strong> Tiendas de campa\u00f1a de calidad hotelera con edredones de plumas, suelo aislante y espacio privado para cada hu\u00e9sped.<\/p>\n<\/li>\n<li data-start=\"2989\" data-end=\"3098\">\n<p data-start=\"2991\" data-end=\"3098\"><strong data-start=\"2991\" data-end=\"3011\">Comidas deliciosas:<\/strong> Desayunos, almuerzos y cenas preparados por chefs; refrigerios y hidrataci\u00f3n incluidos.<\/p>\n<\/li>\n<li data-start=\"3099\" data-end=\"3219\">\n<p data-start=\"3101\" data-end=\"3219\"><strong data-start=\"3101\" data-end=\"3121\">Salud y seguridad:<\/strong> Botiquines de primeros auxilios, ox\u00edgeno suplementario y comunicaci\u00f3n por sat\u00e9lite disponibles durante toda la caminata.<\/p>\n<\/li>\n<li data-start=\"3220\" data-end=\"3349\">\n<p data-start=\"3222\" data-end=\"3349\"><strong data-start=\"3222\" data-end=\"3241\">Transporte:<\/strong> Traslados privados desde y hasta el inicio del sendero KM 82; buses de ida y vuelta entre Machu Picchu y Aguas Calientes.<\/p>\n<\/li>\n<\/ul>\n<h4 data-start=\"3356\" data-end=\"3406\"><strong data-start=\"3359\" data-end=\"3404\">Por qu\u00e9 se destacan las expediciones grupales de TrueAndes<\/strong><\/h4>\n<p data-start=\"3408\" data-end=\"3806\">\u2714 Itinerarios exclusivos, operados directamente y sin externalizaci\u00f3n.<br data-start=\"3471\" data-end=\"3474\" \/>\u2714 El formato de grupos reducidos garantiza un acompa\u00f1amiento personalizado y seguridad.<br data-start=\"3536\" data-end=\"3539\" \/>\u2714 Trato \u00e9tico de porter\u00eda y servicio culinario profesional.<br data-start=\"3600\" data-end=\"3603\" \/>\u2714 Informaci\u00f3n completa previa al recorrido, orientaci\u00f3n y apoyo.<br data-start=\"3661\" data-end=\"3664\" \/>\u2714 Interpretaci\u00f3n cultural completa y experiencias inmersivas a lo largo del sendero.<br data-start=\"3737\" data-end=\"3740\" \/>\u2714 Pr\u00e1cticas sustentables preservando el sendero y el patrimonio local.<\/p>\n<p data-start=\"3813\" data-end=\"4096\">Con TrueAndes, la <strong data-start=\"3833\" data-end=\"3895\">El cl\u00e1sico Camino Inca de 4 d\u00edas se convierte en una aventura grupal personalizada<\/strong>, combinando historia, naturaleza y riqueza cultural. Cada paso est\u00e1 cuidadosamente dise\u00f1ado para brindar <strong data-start=\"3992\" data-end=\"4028\">comodidad, seguridad e inspiraci\u00f3n<\/strong>, creando una experiencia extraordinaria que es <strong data-start=\"4075\" data-end=\"4093\">verdaderamente tuyo<\/strong>.<\/p>","protected":false},"excerpt":{"rendered":"<p>Classic 4-Day Inca Trail to Machu Picchu \u2013 Group Expedition by TrueAndes Experience the legendary Classic 4-Day Inca Trail in the Andes with TrueAndes, Peru\u2019s premium travel specialist. This expertly designed group expedition combines cultural immersion, breathtaking landscapes, and the highest standards of safety and comfort, delivering an unforgettable journey to the heart of the [&hellip;]<\/p>\n","protected":false},"featured_media":5664,"comment_status":"open","ping_status":"closed","template":"","meta":{"_acf_changed":false,"_seopress_robots_primary_cat":"none","_seopress_titles_title":"Classic Inca Trail Group Trek: 4 Days to Machu Picchu","_seopress_titles_desc":"Join our small group tour for the Classic 4-Day Inca Trail. Hike the ancient path to Machu Picchu with expert guides. Permits included.","_seopress_robots_index":"","_et_pb_use_builder":"","_et_pb_old_content":"","_et_gb_content_width":""},"product_brand":[],"product_cat":[20],"product_tag":[176],"class_list":{"0":"post-23","1":"product","2":"type-product","3":"status-publish","4":"has-post-thumbnail","6":"product_cat-inca-trail","7":"product_tag-budget-tours","9":"first","10":"instock","11":"shipping-taxable","12":"purchasable","13":"product-type-simple"},"acf":[],"_links":{"self":[{"href":"https:\/\/trueandes.com\/es\/wp-json\/wp\/v2\/product\/23","targetHints":{"allow":["GET"]}}],"collection":[{"href":"https:\/\/trueandes.com\/es\/wp-json\/wp\/v2\/product"}],"about":[{"href":"https:\/\/trueandes.com\/es\/wp-json\/wp\/v2\/types\/product"}],"replies":[{"embeddable":true,"href":"https:\/\/trueandes.com\/es\/wp-json\/wp\/v2\/comments?post=23"}],"wp:featuredmedia":[{"embeddable":true,"href":"https:\/\/trueandes.com\/es\/wp-json\/wp\/v2\/media\/5664"}],"wp:attachment":[{"href":"https:\/\/trueandes.com\/es\/wp-json\/wp\/v2\/media?parent=23"}],"wp:term":[{"taxonomy":"product_brand","embeddable":true,"href":"https:\/\/trueandes.com\/es\/wp-json\/wp\/v2\/product_brand?post=23"},{"taxonomy":"product_cat","embeddable":true,"href":"https:\/\/trueandes.com\/es\/wp-json\/wp\/v2\/product_cat?post=23"},{"taxonomy":"product_tag","embeddable":true,"href":"https:\/\/trueandes.com\/es\/wp-json\/wp\/v2\/product_tag?post=23"}],"curies":[{"name":"wp","href":"https:\/\/api.w.org\/{rel}","templated":true}]}}