{"id":25,"date":"2024-02-14T12:28:58","date_gmt":"2024-02-14T12:28:58","guid":{"rendered":"http:\/\/hfg.pfg.mybluehost.me\/?post_type=product&#038;p=25"},"modified":"2026-01-23T19:59:55","modified_gmt":"2026-01-23T19:59:55","slug":"2-day-inca-trail-hike","status":"publish","type":"product","link":"https:\/\/trueandes.com\/es\/tour\/2-day-inca-trail-hike\/","title":{"rendered":"Caminata de 2 d\u00edas por el Camino Inca"},"content":{"rendered":"<h2>Camino Inca corto de 2 d\u00edas: La caminata expr\u00e9s<\/h2>\n<p>Camina siguiendo los pasos de los Incas en este <strong>Camino Inca corto de 2 d\u00edas<\/strong>Esta es la opci\u00f3n ideal para los viajeros que desean la experiencia de llegar a <strong>Machu Picchu por la Puerta del Sol<\/strong> pero no tienen el tiempo ni el deseo de hacer la caminata completa de campamento de 4 d\u00edas.<\/p>\n<p>Operado por <strong>TrueAndes<\/strong>Esta caminata cubre la \u00faltima secci\u00f3n m\u00e1s pintoresca del sendero. Visitar\u00e1 las espectaculares ruinas de <strong>Eterna juventud<\/strong>, ver la ciudadela desde arriba, pasar la noche en un c\u00f3modo hotel en Aguas Calientes y regresar para un recorrido completo al d\u00eda siguiente.<\/p>","protected":false},"excerpt":{"rendered":"<p>2-Day Short Inca Trail: The Express Trek Walk in the footsteps of the Incas on this 2-day Short Inca Trail. This is the ideal option for travelers who want the experience of arriving at Machu Picchu via the Sun Gate but do not have the time or desire for the full 4-day camping trek. Operated [&hellip;]<\/p>\n","protected":false},"featured_media":5628,"comment_status":"open","ping_status":"closed","template":"","meta":{"_acf_changed":false,"_seopress_robots_primary_cat":"none","_seopress_titles_title":"2-Day Short Inca Trail: Hike to Machu Picchu via Sun Gate","_seopress_titles_desc":"The classic Short Inca Trail. Hike Km 104 to the Sun Gate and visit Machu Picchu. 2 days, hotel included, no camping.","_seopress_robots_index":"","_et_pb_use_builder":"","_et_pb_old_content":"","_et_gb_content_width":""},"product_brand":[],"product_cat":[20],"product_tag":[176],"class_list":{"0":"post-25","1":"product","2":"type-product","3":"status-publish","4":"has-post-thumbnail","6":"product_cat-inca-trail","7":"product_tag-budget-tours","9":"first","10":"instock","11":"shipping-taxable","12":"purchasable","13":"product-type-simple"},"acf":[],"_links":{"self":[{"href":"https:\/\/trueandes.com\/es\/wp-json\/wp\/v2\/product\/25","targetHints":{"allow":["GET"]}}],"collection":[{"href":"https:\/\/trueandes.com\/es\/wp-json\/wp\/v2\/product"}],"about":[{"href":"https:\/\/trueandes.com\/es\/wp-json\/wp\/v2\/types\/product"}],"replies":[{"embeddable":true,"href":"https:\/\/trueandes.com\/es\/wp-json\/wp\/v2\/comments?post=25"}],"wp:featuredmedia":[{"embeddable":true,"href":"https:\/\/trueandes.com\/es\/wp-json\/wp\/v2\/media\/5628"}],"wp:attachment":[{"href":"https:\/\/trueandes.com\/es\/wp-json\/wp\/v2\/media?parent=25"}],"wp:term":[{"taxonomy":"product_brand","embeddable":true,"href":"https:\/\/trueandes.com\/es\/wp-json\/wp\/v2\/product_brand?post=25"},{"taxonomy":"product_cat","embeddable":true,"href":"https:\/\/trueandes.com\/es\/wp-json\/wp\/v2\/product_cat?post=25"},{"taxonomy":"product_tag","embeddable":true,"href":"https:\/\/trueandes.com\/es\/wp-json\/wp\/v2\/product_tag?post=25"}],"curies":[{"name":"wp","href":"https:\/\/api.w.org\/{rel}","templated":true}]}}