{"id":26,"date":"2024-02-14T12:28:58","date_gmt":"2024-02-14T12:28:58","guid":{"rendered":"http:\/\/hfg.pfg.mybluehost.me\/?post_type=product&#038;p=26"},"modified":"2026-01-27T20:55:01","modified_gmt":"2026-01-27T20:55:01","slug":"camino-inca-corto-de-lujo-2-dias","status":"publish","type":"product","link":"https:\/\/trueandes.com\/es\/tour\/camino-inca-corto-de-lujo-2-dias\/","title":{"rendered":"Camino Inca Corto de Lujo 2 D\u00edas 1 Noche"},"content":{"rendered":"<h2>2-Day Luxury Short Inca Trail: Comfort &amp; History<\/h2>\n<p>Experimente la magia de la <strong>Camino Inca con un toque de lujo<\/strong>. This <strong>Programa exclusivo de 2 d\u00edas<\/strong> por <strong>TrueAndes<\/strong> Es perfecto para aquellos que quieran recorrer el famoso sendero pero prefieran dormir en un hotel c\u00f3modo en lugar de acampar.<\/p>\n<p>Caminar\u00e1s por los pintorescos \u00faltimos 12 km del Camino Inca, pasando por las impresionantes ruinas de Wi\u00f1ay Wayna e ingresando a Machu Picchu a trav\u00e9s del <strong>Puerta del Sol<\/strong> Por la tarde. Despu\u00e9s, ret\u00edrate a un <strong>hotel de lujo<\/strong> para una cena gourmet y una noche de descanso, antes de regresar a la ciudadela a la ma\u00f1ana siguiente para un recorrido privado completo.<\/p>","protected":false},"excerpt":{"rendered":"<p>2-Day Luxury Short Inca Trail: Comfort &amp; History Experience the magic of the Inca Trail with a touch of luxury. This 2-day exclusive program by TrueAndes is perfect for those who want to hike the famous trail but prefer to sleep in a comfortable hotel rather than camping. You will hike the scenic last 12km [&hellip;]<\/p>\n","protected":false},"featured_media":5616,"comment_status":"open","ping_status":"closed","template":"","meta":{"_acf_changed":false,"_seopress_robots_primary_cat":"none","_seopress_titles_title":"Luxury Short Inca Trail: 2-Day Private Hike","_seopress_titles_desc":"Hike the Short Inca Trail in style. 2 days with private guide, Vistadome train, and luxury hotel. Arrive via the Sun Gate.","_seopress_robots_index":"","_et_pb_use_builder":"","_et_pb_old_content":"","_et_gb_content_width":""},"product_brand":[],"product_cat":[20,62],"product_tag":[],"class_list":{"0":"post-26","1":"product","2":"type-product","3":"status-publish","4":"has-post-thumbnail","6":"product_cat-inca-trail","7":"product_cat-machu-picchu-luxury-tours","9":"first","10":"instock","11":"featured","12":"shipping-taxable","13":"purchasable","14":"product-type-simple"},"acf":[],"_links":{"self":[{"href":"https:\/\/trueandes.com\/es\/wp-json\/wp\/v2\/product\/26","targetHints":{"allow":["GET"]}}],"collection":[{"href":"https:\/\/trueandes.com\/es\/wp-json\/wp\/v2\/product"}],"about":[{"href":"https:\/\/trueandes.com\/es\/wp-json\/wp\/v2\/types\/product"}],"replies":[{"embeddable":true,"href":"https:\/\/trueandes.com\/es\/wp-json\/wp\/v2\/comments?post=26"}],"wp:featuredmedia":[{"embeddable":true,"href":"https:\/\/trueandes.com\/es\/wp-json\/wp\/v2\/media\/5616"}],"wp:attachment":[{"href":"https:\/\/trueandes.com\/es\/wp-json\/wp\/v2\/media?parent=26"}],"wp:term":[{"taxonomy":"product_brand","embeddable":true,"href":"https:\/\/trueandes.com\/es\/wp-json\/wp\/v2\/product_brand?post=26"},{"taxonomy":"product_cat","embeddable":true,"href":"https:\/\/trueandes.com\/es\/wp-json\/wp\/v2\/product_cat?post=26"},{"taxonomy":"product_tag","embeddable":true,"href":"https:\/\/trueandes.com\/es\/wp-json\/wp\/v2\/product_tag?post=26"}],"curies":[{"name":"wp","href":"https:\/\/api.w.org\/{rel}","templated":true}]}}