{"id":31,"date":"2024-02-14T12:28:59","date_gmt":"2024-02-14T12:28:59","guid":{"rendered":"http:\/\/hfg.pfg.mybluehost.me\/?post_type=product&#038;p=31"},"modified":"2026-01-23T17:09:41","modified_gmt":"2026-01-23T17:09:41","slug":"salkantay-clasico-5-dias","status":"publish","type":"product","link":"https:\/\/trueandes.com\/es\/tour\/salkantay-clasico-5-dias\/","title":{"rendered":"Salkantay Cl\u00e1sico 5 D\u00edas"},"content":{"rendered":"<h2>La ruta m\u00e1s esc\u00e9nica a Machu Picchu<\/h2>\n<p>El <strong>Caminata cl\u00e1sica por el Salkantay<\/strong> Es famoso por su diversidad ecol\u00f3gica. Camine desde el pie de un glaciar de 6200 m hasta el h\u00famedo bosque nuboso, repleto de orqu\u00eddeas y cascadas.<\/p>\n<h3>Reflejos<\/h3>\n<ul>\n<li><strong>Lago Humantay:<\/strong> Visita la joya turquesa el d\u00eda 1.<\/li>\n<li><strong>El Pase:<\/strong> Conquista el Paso Salkantay de 4.630m.<\/li>\n<li><strong>Llactapata:<\/strong> Vea Machu Picchu desde la cima de una monta\u00f1a distante en el d\u00eda 4 (vista exclusiva).<\/li>\n<\/ul>","protected":false},"excerpt":{"rendered":"<p><img alt=\"Excursionistas cruzando el puente del Camino Inca en Per\u00fa\" loading=\"lazy\" decoding=\"async\" class=\"alignnone size-full wp-image-6184\" src=\"https:\/\/trueandes.com\/wp-content\/uploads\/2024\/02\/IMG_1063.jpg\" width=\"2816\" height=\"2112\" \/><\/p>","protected":false},"featured_media":7629,"comment_status":"open","ping_status":"closed","template":"","meta":{"_acf_changed":false,"_seopress_robots_primary_cat":"none","_seopress_titles_title":"Classic Salkantay Trek to Machu Picchu: 5 Days","_seopress_titles_desc":"The classic 5-day Salkantay Trek. Humantay Lake, mountain passes, and jungle coffee farms.","_seopress_robots_index":"","_et_pb_use_builder":"","_et_pb_old_content":"","_et_gb_content_width":""},"product_brand":[],"product_cat":[21],"product_tag":[176],"class_list":{"0":"post-31","1":"product","2":"type-product","3":"status-publish","4":"has-post-thumbnail","6":"product_cat-salkantay-trek-company","7":"product_tag-budget-tours","9":"first","10":"instock","11":"shipping-taxable","12":"purchasable","13":"product-type-simple"},"acf":[],"_links":{"self":[{"href":"https:\/\/trueandes.com\/es\/wp-json\/wp\/v2\/product\/31","targetHints":{"allow":["GET"]}}],"collection":[{"href":"https:\/\/trueandes.com\/es\/wp-json\/wp\/v2\/product"}],"about":[{"href":"https:\/\/trueandes.com\/es\/wp-json\/wp\/v2\/types\/product"}],"replies":[{"embeddable":true,"href":"https:\/\/trueandes.com\/es\/wp-json\/wp\/v2\/comments?post=31"}],"wp:featuredmedia":[{"embeddable":true,"href":"https:\/\/trueandes.com\/es\/wp-json\/wp\/v2\/media\/7629"}],"wp:attachment":[{"href":"https:\/\/trueandes.com\/es\/wp-json\/wp\/v2\/media?parent=31"}],"wp:term":[{"taxonomy":"product_brand","embeddable":true,"href":"https:\/\/trueandes.com\/es\/wp-json\/wp\/v2\/product_brand?post=31"},{"taxonomy":"product_cat","embeddable":true,"href":"https:\/\/trueandes.com\/es\/wp-json\/wp\/v2\/product_cat?post=31"},{"taxonomy":"product_tag","embeddable":true,"href":"https:\/\/trueandes.com\/es\/wp-json\/wp\/v2\/product_tag?post=31"}],"curies":[{"name":"wp","href":"https:\/\/api.w.org\/{rel}","templated":true}]}}