{"id":35,"date":"2024-02-14T12:28:59","date_gmt":"2024-02-14T12:28:59","guid":{"rendered":"http:\/\/hfg.pfg.mybluehost.me\/?post_type=product&#038;p=35"},"modified":"2026-01-27T13:26:43","modified_gmt":"2026-01-27T13:26:43","slug":"paquete-salkantay-camino-inca-corto-6-dias","status":"publish","type":"product","link":"https:\/\/trueandes.com\/es\/tour\/paquete-salkantay-camino-inca-corto-6-dias\/","title":{"rendered":"Paquete Salkantay y Camino Inca Corto"},"content":{"rendered":"<h2>Salkantay de 6 d\u00edas y Camino Inca corto: el h\u00edbrido perfecto<\/h2>\n<p><strong>TrueAndes<\/strong> presenta una ruta exclusiva que combina las dos caminatas m\u00e1s espectaculares de Cusco. M\u00e1s de <strong>6 d\u00edas<\/strong>Experimentar\u00e1s lo mejor de ambos mundos: la majestuosidad nevada del <strong>Camino Salkantay<\/strong> y la importancia hist\u00f3rica de la <strong>Camino Inca Corto<\/strong>.<\/p>\n<p>Caminar\u00e1s por el lago turquesa Humantay y cruzar\u00e1s el paso de Salkantay, atravesar\u00e1s el valle de Santa Teresa y luego te conectar\u00e1s con el Camino Inca en el km 104. Esto te permitir\u00e1 llegar a <strong>Machu Picchu por la Puerta del Sol<\/strong> (Inti Punku): un privilegio generalmente reservado solo para el Camino Inca Cl\u00e1sico. Es la combinaci\u00f3n perfecta de trekking.<\/p>","protected":false},"excerpt":{"rendered":"<p>6-Day Salkantay &amp; Short Inca Trail: The Perfect Hybrid TrueAndes presents an exclusive route that combines the two most spectacular treks in Cusco. Over 6 days, you will experience the best of both worlds: the snow-capped majesty of the Salkantay Trek and the historic significance of the Short Inca Trail. You will hike past the [&hellip;]<\/p>\n","protected":false},"featured_media":6251,"comment_status":"open","ping_status":"closed","template":"","meta":{"_acf_changed":false,"_seopress_robots_primary_cat":"none","_seopress_titles_title":"Salkantay & Short Inca Trail: 6-Day Combined Trek","_seopress_titles_desc":"The ultimate 6-day trek. Combine the Salkantay scenic route with the Short Inca Trail to enter Machu Picchu via the Sun Gate.","_seopress_robots_index":"","_et_pb_use_builder":"","_et_pb_old_content":"","_et_gb_content_width":""},"product_brand":[],"product_cat":[20,21],"product_tag":[],"class_list":{"0":"post-35","1":"product","2":"type-product","3":"status-publish","4":"has-post-thumbnail","6":"product_cat-inca-trail","7":"product_cat-salkantay-trek-company","9":"first","10":"instock","11":"shipping-taxable","12":"purchasable","13":"product-type-simple"},"acf":[],"_links":{"self":[{"href":"https:\/\/trueandes.com\/es\/wp-json\/wp\/v2\/product\/35","targetHints":{"allow":["GET"]}}],"collection":[{"href":"https:\/\/trueandes.com\/es\/wp-json\/wp\/v2\/product"}],"about":[{"href":"https:\/\/trueandes.com\/es\/wp-json\/wp\/v2\/types\/product"}],"replies":[{"embeddable":true,"href":"https:\/\/trueandes.com\/es\/wp-json\/wp\/v2\/comments?post=35"}],"wp:featuredmedia":[{"embeddable":true,"href":"https:\/\/trueandes.com\/es\/wp-json\/wp\/v2\/media\/6251"}],"wp:attachment":[{"href":"https:\/\/trueandes.com\/es\/wp-json\/wp\/v2\/media?parent=35"}],"wp:term":[{"taxonomy":"product_brand","embeddable":true,"href":"https:\/\/trueandes.com\/es\/wp-json\/wp\/v2\/product_brand?post=35"},{"taxonomy":"product_cat","embeddable":true,"href":"https:\/\/trueandes.com\/es\/wp-json\/wp\/v2\/product_cat?post=35"},{"taxonomy":"product_tag","embeddable":true,"href":"https:\/\/trueandes.com\/es\/wp-json\/wp\/v2\/product_tag?post=35"}],"curies":[{"name":"wp","href":"https:\/\/api.w.org\/{rel}","templated":true}]}}