{"id":38,"date":"2024-02-14T12:35:32","date_gmt":"2024-02-14T12:35:32","guid":{"rendered":"https:\/\/hfg.pfg.mybluehost.me\/?post_type=product&#038;p=38"},"modified":"2026-01-23T20:00:10","modified_gmt":"2026-01-23T20:00:10","slug":"jungla-inca-imperial-3-dias","status":"publish","type":"product","link":"https:\/\/trueandes.com\/es\/tour\/jungla-inca-imperial-3-dias\/","title":{"rendered":"Jungla Inca Imperial Express"},"content":{"rendered":"<h2>Inca Jungle Imperial de 3 d\u00edas: La aventura expr\u00e9s<\/h2>\n<p>\u00bfTienes poco tiempo pero te apetece una aventura? <strong>Jungla Inca Imperial de 3 d\u00edas<\/strong> por <strong>TrueAndes<\/strong> incluye las mejores actividades de adrenalina en un viaje de ritmo r\u00e1pido a Machu Picchu.<\/p>\n<p>Nos saltamos los d\u00edas de mucho senderismo y nos centramos en lo m\u00e1s destacado: <strong>Ciclismo de monta\u00f1a de descenso<\/strong> Desde los altos Andes hasta la selva, <strong>Rafting en aguas bravas<\/strong> en el r\u00edo Urubamba y una caminata por el tren panor\u00e1mico hasta Aguas Calientes. Es una ruta llena de acci\u00f3n para viajeros en\u00e9rgicos que desean llegar a la ciudadela con una historia emocionante.<\/p>","protected":false},"excerpt":{"rendered":"<p>3-Day Inca Jungle Imperial: The Express Adventure Short on time but craving adventure? The 3-Day Inca Jungle Imperial by TrueAndes packs the best adrenaline activities into a fast-paced journey to Machu Picchu. We skip the hiking-heavy days and focus on the highlights: Downhill Mountain Biking from the high Andes to the jungle, White Water Rafting [&hellip;]<\/p>\n","protected":false},"featured_media":7647,"comment_status":"open","ping_status":"closed","template":"","meta":{"_acf_changed":false,"_seopress_robots_primary_cat":"none","_seopress_titles_title":"3-Day Inca Jungle Short Imperial: Bike, Raft & Machu Picchu","_seopress_titles_desc":"Fast-paced 3-day adventure to Machu Picchu. Includes downhill biking, rafting, and trekking. The most exciting way to get there.","_seopress_robots_index":"","_et_pb_use_builder":"","_et_pb_old_content":"","_et_gb_content_width":""},"product_brand":[],"product_cat":[22],"product_tag":[],"class_list":{"0":"post-38","1":"product","2":"type-product","3":"status-publish","4":"has-post-thumbnail","6":"product_cat-inca-jungle-trek","8":"first","9":"instock","10":"shipping-taxable","11":"purchasable","12":"product-type-simple"},"acf":[],"_links":{"self":[{"href":"https:\/\/trueandes.com\/es\/wp-json\/wp\/v2\/product\/38","targetHints":{"allow":["GET"]}}],"collection":[{"href":"https:\/\/trueandes.com\/es\/wp-json\/wp\/v2\/product"}],"about":[{"href":"https:\/\/trueandes.com\/es\/wp-json\/wp\/v2\/types\/product"}],"replies":[{"embeddable":true,"href":"https:\/\/trueandes.com\/es\/wp-json\/wp\/v2\/comments?post=38"}],"wp:featuredmedia":[{"embeddable":true,"href":"https:\/\/trueandes.com\/es\/wp-json\/wp\/v2\/media\/7647"}],"wp:attachment":[{"href":"https:\/\/trueandes.com\/es\/wp-json\/wp\/v2\/media?parent=38"}],"wp:term":[{"taxonomy":"product_brand","embeddable":true,"href":"https:\/\/trueandes.com\/es\/wp-json\/wp\/v2\/product_brand?post=38"},{"taxonomy":"product_cat","embeddable":true,"href":"https:\/\/trueandes.com\/es\/wp-json\/wp\/v2\/product_cat?post=38"},{"taxonomy":"product_tag","embeddable":true,"href":"https:\/\/trueandes.com\/es\/wp-json\/wp\/v2\/product_tag?post=38"}],"curies":[{"name":"wp","href":"https:\/\/api.w.org\/{rel}","templated":true}]}}