{"id":52,"date":"2024-02-14T12:35:34","date_gmt":"2024-02-14T12:35:34","guid":{"rendered":"https:\/\/hfg.pfg.mybluehost.me\/?post_type=product&#038;p=52"},"modified":"2026-01-23T17:09:53","modified_gmt":"2026-01-23T17:09:53","slug":"viaje-en-tren-a-machu-picchu-dia","status":"publish","type":"product","link":"https:\/\/trueandes.com\/es\/tour\/viaje-en-tren-a-machu-picchu-dia\/","title":{"rendered":"Viaje en tren a Machu Picchu \u2013 D\u00eda Completo"},"content":{"rendered":"<h3 data-start=\"273\" data-end=\"331\"><strong data-start=\"277\" data-end=\"331\">Tour en tren de un d\u00eda a Machu Picchu \u2013 Experiencia TrueAndes<\/strong><\/h3>\n<p data-start=\"333\" data-end=\"670\">Descubra las maravillas de Machu Picchu en un <strong data-start=\"375\" data-end=\"397\">recorrido en tren de un d\u00eda<\/strong>, especialmente dise\u00f1ado para viajeros que buscan un <strong data-start=\"443\" data-end=\"495\">Aventura aut\u00e9ntica, accesible y sin complicaciones.<\/strong>Operado por <strong data-start=\"509\" data-end=\"522\">TrueAndes<\/strong>, este viaje combina impresionantes paisajes andinos con la historia y cultura de la civilizaci\u00f3n Inca, brindando una experiencia inolvidable.<\/p>\n<h3 data-start=\"677\" data-end=\"702\"><strong data-start=\"681\" data-end=\"700\">Lo m\u00e1s destacado del tour<\/strong><\/h3>\n<p data-start=\"704\" data-end=\"1069\"><strong data-start=\"704\" data-end=\"731\">1. Viaje panor\u00e1mico en tren<\/strong><br data-start=\"731\" data-end=\"734\" \/>Viaje a bordo de un <strong data-start=\"750\" data-end=\"779\">servicio de tren promocional<\/strong> A lo largo del paisaje <strong data-start=\"797\" data-end=\"815\">Urubamba River<\/strong>Disfrute de la belleza natural de los Andes desde la comodidad de su asiento. Si bien no es un tren de lujo, esta opci\u00f3n ofrece <strong data-start=\"936\" data-end=\"977\">transporte confiable y eficiente<\/strong>, perfecto para viajeros que desean un <strong data-start=\"1012\" data-end=\"1066\">Experiencia completa en Machu Picchu sin costos premium<\/strong>.<\/p>\n<p data-start=\"1071\" data-end=\"1407\"><strong data-start=\"1071\" data-end=\"1101\">2. Bosque Nuboso Encantador<\/strong><br data-start=\"1101\" data-end=\"1104\" \/>Acerc\u00e1ndose a Machu Picchu, pase por el <strong data-start=\"1147\" data-end=\"1168\">exuberante bosque nuboso<\/strong>Un ecosistema \u00fanico con acantilados espectaculares, flora tropical y abundante vida silvestre. Esta zona ofrece excelentes oportunidades para... <strong data-start=\"1295\" data-end=\"1333\">fotograf\u00eda y observaci\u00f3n de la naturaleza<\/strong>, ofreciendo a los viajeros una apreciaci\u00f3n m\u00e1s profunda de la belleza natural de la regi\u00f3n.<\/p>\n<p data-start=\"1409\" data-end=\"1706\"><strong data-start=\"1409\" data-end=\"1442\">3. Arrival in Aguas Calientes<\/strong><br data-start=\"1442\" data-end=\"1445\" \/>Upon arrival in <strong data-start=\"1461\" data-end=\"1480\">Aguas Calientes<\/strong>, tu profesional <strong data-start=\"1500\" data-end=\"1519\">Gu\u00eda de TrueAndes<\/strong> Le daremos la bienvenida y le brindaremos informaci\u00f3n detallada sobre la visita. Nuestro equipo se asegura <strong data-start=\"1604\" data-end=\"1658\">Log\u00edstica fluida, actualizaciones oportunas y soporte completo<\/strong>, para que puedas concentrarte en disfrutar la experiencia.<\/p>\n<p data-start=\"1708\" data-end=\"1991\"><strong data-start=\"1708\" data-end=\"1744\">4. Acceso directo a Machu Picchu<\/strong><br data-start=\"1744\" data-end=\"1747\" \/>Mediante el uso <strong data-start=\"1756\" data-end=\"1790\">Traslados organizados de TrueAndes<\/strong>Puedes evitar las largas colas y dirigirte directamente a Machu Picchu con tu gu\u00eda. <strong data-start=\"1873\" data-end=\"1893\">acceso optimizado<\/strong> maximiza su tiempo en el sitio, lo que permite <strong data-start=\"1938\" data-end=\"1965\">exploraci\u00f3n sin estr\u00e9s<\/strong> de la antigua ciudadela.<\/p>\n<p data-start=\"1993\" data-end=\"2158\"><strong data-start=\"1993\" data-end=\"2034\">5. Visita guiada experta a Machu Picchu<\/strong><br data-start=\"2034\" data-end=\"2037\" \/>Explora el emblem\u00e1tico sitio declarado Patrimonio de la Humanidad por la UNESCO con un <strong data-start=\"2090\" data-end=\"2123\">Gu\u00eda experto de TrueAndes<\/strong>Los aspectos m\u00e1s destacados del recorrido incluyen:<\/p>\n<ul data-start=\"2159\" data-end=\"2385\">\n<li data-start=\"2159\" data-end=\"2218\">\n<p data-start=\"2161\" data-end=\"2218\">Obras maestras de la arquitectura inca y maravillas de la ingenier\u00eda<\/p>\n<\/li>\n<li data-start=\"2219\" data-end=\"2266\">\n<p data-start=\"2221\" data-end=\"2266\">Templos sagrados, terrazas y observatorios<\/p>\n<\/li>\n<li data-start=\"2267\" data-end=\"2319\">\n<p data-start=\"2269\" data-end=\"2319\">Miradores panor\u00e1micos y paisajes impresionantes<\/p>\n<\/li>\n<li data-start=\"2320\" data-end=\"2385\">\n<p data-start=\"2322\" data-end=\"2385\">Perspectivas sobre la historia, la cultura y las tradiciones espirituales incas<\/p>\n<\/li>\n<\/ul>\n<p data-start=\"2387\" data-end=\"2505\">Cada detalle se explica con <strong data-start=\"2418\" data-end=\"2455\">contexto cultural y narraci\u00f3n<\/strong>, creando una experiencia memorable y enriquecedora.<\/p>\n<h3 data-start=\"2512\" data-end=\"2556\"><strong data-start=\"2516\" data-end=\"2554\">\u00bfPor qu\u00e9 elegir TrueAndes para este tour?<\/strong><\/h3>\n<ul data-start=\"2557\" data-end=\"2966\">\n<li data-start=\"2557\" data-end=\"2647\">\n<p data-start=\"2559\" data-end=\"2647\">Gu\u00edas profesionales y certificados con profundo conocimiento de Machu Picchu y la historia Inca.<\/p>\n<\/li>\n<li data-start=\"2648\" data-end=\"2717\">\n<p data-start=\"2650\" data-end=\"2717\">Log\u00edstica y organizaci\u00f3n perfectas para una <strong data-start=\"2692\" data-end=\"2715\">excursi\u00f3n de un d\u00eda sin preocupaciones<\/strong><\/p>\n<\/li>\n<li data-start=\"2718\" data-end=\"2767\">\n<p data-start=\"2720\" data-end=\"2767\">Ideal para viajeros con tiempo limitado en Per\u00fa.<\/p>\n<\/li>\n<li data-start=\"2768\" data-end=\"2829\">\n<p data-start=\"2770\" data-end=\"2829\">Precios accesibles con un <strong data-start=\"2796\" data-end=\"2827\">experiencia completa y guiada<\/strong><\/p>\n<\/li>\n<li data-start=\"2830\" data-end=\"2966\">\n<p data-start=\"2832\" data-end=\"2966\">Operador peruano de confianza con oficinas en <strong data-start=\"2874\" data-end=\"2898\">Per\u00fa, Estados Unidos y Espa\u00f1a<\/strong>, asegurando <strong data-start=\"2909\" data-end=\"2964\">Servicio de alta calidad, confiabilidad y transparencia<\/strong><\/p>\n<\/li>\n<\/ul>","protected":false},"excerpt":{"rendered":"<p>Machu Picchu Day Train Tour \u2013 TrueAndes Experience Discover the wonders of Machu Picchu on a one-day train tour, specially designed for travelers seeking an authentic, accessible, and hassle-free adventure. Operated by TrueAndes, this journey blends breathtaking Andean landscapes with the history and culture of the Inca civilization, providing an unforgettable experience. Tour Highlights 1. [&hellip;]<\/p>\n","protected":false},"featured_media":7659,"comment_status":"open","ping_status":"closed","template":"","meta":{"_acf_changed":false,"_seopress_robots_primary_cat":"none","_seopress_titles_title":"Machu Picchu Train: Spectacular Day Tour Adventure","_seopress_titles_desc":"Experience the awe of Machu Picchu on a day train tour. Enjoy breathtaking Andes landscapes, guided exploration, and arrive directly at this ancient wonder.","_seopress_robots_index":"","_et_pb_use_builder":"","_et_pb_old_content":"","_et_gb_content_width":""},"product_brand":[],"product_cat":[28],"product_tag":[176],"class_list":{"0":"post-52","1":"product","2":"type-product","3":"status-publish","4":"has-post-thumbnail","6":"product_cat-machu-picchu-train-tours","7":"product_tag-budget-tours","9":"first","10":"instock","11":"shipping-taxable","12":"purchasable","13":"product-type-simple"},"acf":[],"_links":{"self":[{"href":"https:\/\/trueandes.com\/es\/wp-json\/wp\/v2\/product\/52","targetHints":{"allow":["GET"]}}],"collection":[{"href":"https:\/\/trueandes.com\/es\/wp-json\/wp\/v2\/product"}],"about":[{"href":"https:\/\/trueandes.com\/es\/wp-json\/wp\/v2\/types\/product"}],"replies":[{"embeddable":true,"href":"https:\/\/trueandes.com\/es\/wp-json\/wp\/v2\/comments?post=52"}],"wp:featuredmedia":[{"embeddable":true,"href":"https:\/\/trueandes.com\/es\/wp-json\/wp\/v2\/media\/7659"}],"wp:attachment":[{"href":"https:\/\/trueandes.com\/es\/wp-json\/wp\/v2\/media?parent=52"}],"wp:term":[{"taxonomy":"product_brand","embeddable":true,"href":"https:\/\/trueandes.com\/es\/wp-json\/wp\/v2\/product_brand?post=52"},{"taxonomy":"product_cat","embeddable":true,"href":"https:\/\/trueandes.com\/es\/wp-json\/wp\/v2\/product_cat?post=52"},{"taxonomy":"product_tag","embeddable":true,"href":"https:\/\/trueandes.com\/es\/wp-json\/wp\/v2\/product_tag?post=52"}],"curies":[{"name":"wp","href":"https:\/\/api.w.org\/{rel}","templated":true}]}}