{"id":60,"date":"2024-02-14T12:35:36","date_gmt":"2024-02-14T12:35:36","guid":{"rendered":"https:\/\/hfg.pfg.mybluehost.me\/?post_type=product&#038;p=60"},"modified":"2026-01-26T21:05:27","modified_gmt":"2026-01-26T21:05:27","slug":"parque-nacional-manu","status":"publish","type":"product","link":"https:\/\/trueandes.com\/es\/tour\/parque-nacional-manu\/","title":{"rendered":"Observaci\u00f3n de aves en el Parque Nacional Manu"},"content":{"rendered":"<h2>Expedici\u00f3n de observaci\u00f3n de aves de 9 d\u00edas: Reserva de la Biosfera del Manu<\/h2>\n<p>Unirse <strong>TrueAndes<\/strong> en una expedici\u00f3n especializada para entusiastas de la observaci\u00f3n de aves en el coraz\u00f3n de la <strong>Reserva de la Biosfera del Manu<\/strong>Esta regi\u00f3n cuenta con una de las mayores biodiversidades de la Tierra, hogar de m\u00e1s de 1.000 especies de aves.<\/p>\n<p>Desde los bosques nubosos de los Andes hasta la selva baja del Amazonas, nuestros gu\u00edas ornit\u00f3logos expertos le ayudar\u00e1n a detectar especies raras y end\u00e9micas como el <strong>Gallito de las rocas andino<\/strong>, guacamayos y tangaras. Nos alojamos en ecoalbergues especializados, dise\u00f1ados para la observaci\u00f3n de la naturaleza, garantizando comodidad y minimizando nuestra huella ecol\u00f3gica.<\/p>","protected":false},"excerpt":{"rendered":"<p>9-Day Birdwatching Expedition: Manu Biosphere Reserve Join TrueAndes on a specialized expedition for birding enthusiasts into the heart of the Manu Biosphere Reserve. This region boasts one of the highest biodiversities on Earth, home to over 1,000 bird species. From the cloud forests of the Andes to the lowland Amazon rainforest, our expert ornithologist guides [&hellip;]<\/p>\n","protected":false},"featured_media":6808,"comment_status":"open","ping_status":"closed","template":"","meta":{"_acf_changed":false,"_seopress_robots_primary_cat":"none","_seopress_titles_title":"Birding Manu National Park Tour","_seopress_titles_desc":"Join TrueAndes on a specialized expedition for birding enthusiasts into the heart of the Manu Biosphere Reserve.","_seopress_robots_index":"","_et_pb_use_builder":"","_et_pb_old_content":"","_et_gb_content_width":""},"product_brand":[],"product_cat":[29],"product_tag":[],"class_list":{"0":"post-60","1":"product","2":"type-product","3":"status-publish","4":"has-post-thumbnail","6":"product_cat-peru-tours-packages","8":"first","9":"instock","10":"shipping-taxable","11":"purchasable","12":"product-type-simple"},"acf":[],"_links":{"self":[{"href":"https:\/\/trueandes.com\/es\/wp-json\/wp\/v2\/product\/60","targetHints":{"allow":["GET"]}}],"collection":[{"href":"https:\/\/trueandes.com\/es\/wp-json\/wp\/v2\/product"}],"about":[{"href":"https:\/\/trueandes.com\/es\/wp-json\/wp\/v2\/types\/product"}],"replies":[{"embeddable":true,"href":"https:\/\/trueandes.com\/es\/wp-json\/wp\/v2\/comments?post=60"}],"wp:featuredmedia":[{"embeddable":true,"href":"https:\/\/trueandes.com\/es\/wp-json\/wp\/v2\/media\/6808"}],"wp:attachment":[{"href":"https:\/\/trueandes.com\/es\/wp-json\/wp\/v2\/media?parent=60"}],"wp:term":[{"taxonomy":"product_brand","embeddable":true,"href":"https:\/\/trueandes.com\/es\/wp-json\/wp\/v2\/product_brand?post=60"},{"taxonomy":"product_cat","embeddable":true,"href":"https:\/\/trueandes.com\/es\/wp-json\/wp\/v2\/product_cat?post=60"},{"taxonomy":"product_tag","embeddable":true,"href":"https:\/\/trueandes.com\/es\/wp-json\/wp\/v2\/product_tag?post=60"}],"curies":[{"name":"wp","href":"https:\/\/api.w.org\/{rel}","templated":true}]}}