{"id":67,"date":"2024-02-14T12:35:38","date_gmt":"2024-02-14T12:35:38","guid":{"rendered":"https:\/\/hfg.pfg.mybluehost.me\/?post_type=product&#038;p=67"},"modified":"2026-01-23T20:00:29","modified_gmt":"2026-01-23T20:00:29","slug":"amazon-cusco-y-lago-titicaca","status":"publish","type":"product","link":"https:\/\/trueandes.com\/es\/tour\/amazon-cusco-y-lago-titicaca\/","title":{"rendered":"Amazonas \u2013 Cusco \u2013 Lago Titicaca"},"content":{"rendered":"<h2>Descubrimiento de Per\u00fa en 13 d\u00edas: Amazon\u00eda, Andes y Altiplano<\/h2>\n<p>Este <strong>itinerario de 13 d\u00edas<\/strong> por <strong>TrueAndes<\/strong> ofrece un impresionante contraste de ecosistemas. Comienza tu viaje inmerso en la biodiversidad del <strong>Selva amaz\u00f3nica<\/strong>, luego asciende a las tierras altas de <strong>Cusco<\/strong>, caminar por el <strong>Camino Inca Corto<\/strong> A Machu Picchu, visita el colorido <strong>Monta\u00f1a Arcoiris<\/strong>, y terminar en las serenas orillas de <strong>Lago Titicaca<\/strong>.<\/p>\n<p>Hemos dise\u00f1ado esta ruta para viajeros que desean experimentar los \"Tres Grandes\" (Selva, Machu Picchu, Titicaca) con un toque de aventura. Incluye... <strong>Camino Inca corto de 2 d\u00edas<\/strong>, perfecto para aquellos que quieran realizar una caminata hasta Machu Picchu sin acampar.<\/p>","protected":false},"excerpt":{"rendered":"<p>13-Day Peru Discovery: Amazon, Andes &#038; Altiplano This 13-day itinerary by TrueAndes offers a stunning contrast of ecosystems. Start your journey immersed in the biodiversity of the Amazon Rainforest, then ascend to the highlands of Cusco, hike the Short Inca Trail to Machu Picchu, visit the colorful Rainbow Mountain, and finish on the serene shores [&hellip;]<\/p>\n","protected":false},"featured_media":6759,"comment_status":"open","ping_status":"closed","template":"","meta":{"_acf_changed":false,"_seopress_robots_primary_cat":"none","_seopress_titles_title":"13-Day Peru Discovery: Amazon, Machu Picchu & Titicaca","_seopress_titles_desc":"Explore the Amazon Jungle, hike the Short Inca Trail to Machu Picchu, visit Rainbow Mountain and Lake Titicaca. 13-day complete tour.","_seopress_robots_index":"","_et_pb_use_builder":"","_et_pb_old_content":"","_et_gb_content_width":""},"product_brand":[],"product_cat":[29],"product_tag":[],"class_list":{"0":"post-67","1":"product","2":"type-product","3":"status-publish","4":"has-post-thumbnail","6":"product_cat-peru-tours-packages","8":"first","9":"instock","10":"shipping-taxable","11":"purchasable","12":"product-type-simple"},"acf":[],"_links":{"self":[{"href":"https:\/\/trueandes.com\/es\/wp-json\/wp\/v2\/product\/67","targetHints":{"allow":["GET"]}}],"collection":[{"href":"https:\/\/trueandes.com\/es\/wp-json\/wp\/v2\/product"}],"about":[{"href":"https:\/\/trueandes.com\/es\/wp-json\/wp\/v2\/types\/product"}],"replies":[{"embeddable":true,"href":"https:\/\/trueandes.com\/es\/wp-json\/wp\/v2\/comments?post=67"}],"wp:featuredmedia":[{"embeddable":true,"href":"https:\/\/trueandes.com\/es\/wp-json\/wp\/v2\/media\/6759"}],"wp:attachment":[{"href":"https:\/\/trueandes.com\/es\/wp-json\/wp\/v2\/media?parent=67"}],"wp:term":[{"taxonomy":"product_brand","embeddable":true,"href":"https:\/\/trueandes.com\/es\/wp-json\/wp\/v2\/product_brand?post=67"},{"taxonomy":"product_cat","embeddable":true,"href":"https:\/\/trueandes.com\/es\/wp-json\/wp\/v2\/product_cat?post=67"},{"taxonomy":"product_tag","embeddable":true,"href":"https:\/\/trueandes.com\/es\/wp-json\/wp\/v2\/product_tag?post=67"}],"curies":[{"name":"wp","href":"https:\/\/api.w.org\/{rel}","templated":true}]}}