{"id":73,"date":"2024-02-14T12:35:39","date_gmt":"2024-02-14T12:35:39","guid":{"rendered":"https:\/\/hfg.pfg.mybluehost.me\/?post_type=product&#038;p=73"},"modified":"2026-01-23T20:00:29","modified_gmt":"2026-01-23T20:00:29","slug":"expedicion-14-dias-peru","status":"publish","type":"product","link":"https:\/\/trueandes.com\/es\/tour\/expedicion-14-dias-peru\/","title":{"rendered":"Expedici\u00f3n a Per\u00fa"},"content":{"rendered":"<h2>Gran expedici\u00f3n de 22 d\u00edas por Per\u00fa: La odisea definitiva<\/h2>\n<p>Esta es la obra magna del viajero peruano. <strong>TrueAndes<\/strong> presenta una <strong>Expedici\u00f3n completa de 22 d\u00edas<\/strong> Que explora todos los aspectos. Desde la costa del Pac\u00edfico hasta los ca\u00f1ones m\u00e1s profundos, el lago navegable m\u00e1s alto, el coraz\u00f3n de la cultura inca y la selva amaz\u00f3nica.<\/p>\n<p>Hemos dise\u00f1ado este itinerario para viajeros que desean comprender verdaderamente el Per\u00fa. Ser\u00e1s testigo de... <strong>Nazca Lines<\/strong>, caminar por el <strong>Colca Canyon<\/strong>, navegar <strong>Lago Titicaca<\/strong>, recorrer el <strong>Camino Inca<\/strong> (o alternativa), y explorar la <strong>Amazonas<\/strong>Es una aventura \u00fanica en la vida, gestionada profesionalmente y sin contratiempos.<\/p>","protected":false},"excerpt":{"rendered":"<p>22-Day Grand Peru Expedition: The Ultimate Odyssey This is the magnum opus of Peruvian travel. TrueAndes presents a 22-day comprehensive expedition that leaves no stone unturned. From the Pacific coast to the deepest canyons, the highest navigable lake, the Inca heartland, and the Amazon rainforest. We have designed this itinerary for travelers who want to [&hellip;]<\/p>\n","protected":false},"featured_media":7695,"comment_status":"open","ping_status":"closed","template":"","meta":{"_acf_changed":false,"_seopress_robots_primary_cat":"none","_seopress_titles_title":"22-Day Grand Peru Expedition: The Complete Tour","_seopress_titles_desc":"The ultimate 22-day tour of Peru. Nazca, Arequipa, Colca, Titicaca, Inca Trail, Machu Picchu & Amazon. All-inclusive grand adventure.","_seopress_robots_index":"","_et_pb_use_builder":"","_et_pb_old_content":"","_et_gb_content_width":""},"product_brand":[],"product_cat":[29],"product_tag":[],"class_list":{"0":"post-73","1":"product","2":"type-product","3":"status-publish","4":"has-post-thumbnail","6":"product_cat-peru-tours-packages","8":"first","9":"instock","10":"shipping-taxable","11":"purchasable","12":"product-type-simple"},"acf":[],"_links":{"self":[{"href":"https:\/\/trueandes.com\/es\/wp-json\/wp\/v2\/product\/73","targetHints":{"allow":["GET"]}}],"collection":[{"href":"https:\/\/trueandes.com\/es\/wp-json\/wp\/v2\/product"}],"about":[{"href":"https:\/\/trueandes.com\/es\/wp-json\/wp\/v2\/types\/product"}],"replies":[{"embeddable":true,"href":"https:\/\/trueandes.com\/es\/wp-json\/wp\/v2\/comments?post=73"}],"wp:featuredmedia":[{"embeddable":true,"href":"https:\/\/trueandes.com\/es\/wp-json\/wp\/v2\/media\/7695"}],"wp:attachment":[{"href":"https:\/\/trueandes.com\/es\/wp-json\/wp\/v2\/media?parent=73"}],"wp:term":[{"taxonomy":"product_brand","embeddable":true,"href":"https:\/\/trueandes.com\/es\/wp-json\/wp\/v2\/product_brand?post=73"},{"taxonomy":"product_cat","embeddable":true,"href":"https:\/\/trueandes.com\/es\/wp-json\/wp\/v2\/product_cat?post=73"},{"taxonomy":"product_tag","embeddable":true,"href":"https:\/\/trueandes.com\/es\/wp-json\/wp\/v2\/product_tag?post=73"}],"curies":[{"name":"wp","href":"https:\/\/api.w.org\/{rel}","templated":true}]}}