{"id":77,"date":"2024-02-14T12:35:40","date_gmt":"2024-02-14T12:35:40","guid":{"rendered":"https:\/\/hfg.pfg.mybluehost.me\/?post_type=product&#038;p=77"},"modified":"2026-01-23T20:00:39","modified_gmt":"2026-01-23T20:00:39","slug":"cusco-lago-titicaca","status":"publish","type":"product","link":"https:\/\/trueandes.com\/es\/tour\/cusco-lago-titicaca\/","title":{"rendered":"Machu Picchu y el lago Titicaca"},"content":{"rendered":"<h2>Lo m\u00e1s destacado de los Andes en 9 d\u00edas: Cusco y Titicaca<\/h2>\n<p>Explora los dos centros m\u00e1s espirituales de los Andes con <strong>TrueAndes<\/strong>. This <strong>itinerario de 9 d\u00edas<\/strong> Te lleva desde la capital imperial de <strong>Cusco<\/strong> y las maravillas de <strong>Machu Picchu<\/strong> a las aguas m\u00edsticas de <strong>Lago Titicaca<\/strong>, cuna de la civilizaci\u00f3n Inca.<\/p>\n<p>Hemos dise\u00f1ado esta ruta para ofrecer una profunda inmersi\u00f3n cultural. Ser\u00e1s testigo de la ingenier\u00eda inca y de las tradiciones vivas de los pueblos Uros y Taquile. Con transporte privado y gu\u00edas expertos, viajar\u00e1s con comodidad por el impresionante altiplano.<\/p>","protected":false},"excerpt":{"rendered":"<p>9-Day Andean Highlights: Cusco &#038; Titicaca Explore the two most spiritual centers of the Andes with TrueAndes. This 9-day itinerary takes you from the imperial capital of Cusco and the wonders of Machu Picchu to the mystical waters of Lake Titicaca, the birthplace of the Inca civilization. We have designed this route to offer a [&hellip;]<\/p>\n","protected":false},"featured_media":6809,"comment_status":"open","ping_status":"closed","template":"","meta":{"_acf_changed":false,"_seopress_robots_primary_cat":"none","_seopress_titles_title":"9-Day Tour: Machu Picchu & Lake Titicaca","_seopress_titles_desc":"Discover the Andes in 9 days. Visit Lima, Cusco, Machu Picchu, and Lake Titicaca. Includes flights, Route of the Sun bus, and guided tours.","_seopress_robots_index":"","_et_pb_use_builder":"","_et_pb_old_content":"","_et_gb_content_width":""},"product_brand":[],"product_cat":[29],"product_tag":[],"class_list":{"0":"post-77","1":"product","2":"type-product","3":"status-publish","4":"has-post-thumbnail","6":"product_cat-peru-tours-packages","8":"first","9":"instock","10":"shipping-taxable","11":"purchasable","12":"product-type-simple"},"acf":[],"_links":{"self":[{"href":"https:\/\/trueandes.com\/es\/wp-json\/wp\/v2\/product\/77","targetHints":{"allow":["GET"]}}],"collection":[{"href":"https:\/\/trueandes.com\/es\/wp-json\/wp\/v2\/product"}],"about":[{"href":"https:\/\/trueandes.com\/es\/wp-json\/wp\/v2\/types\/product"}],"replies":[{"embeddable":true,"href":"https:\/\/trueandes.com\/es\/wp-json\/wp\/v2\/comments?post=77"}],"wp:featuredmedia":[{"embeddable":true,"href":"https:\/\/trueandes.com\/es\/wp-json\/wp\/v2\/media\/6809"}],"wp:attachment":[{"href":"https:\/\/trueandes.com\/es\/wp-json\/wp\/v2\/media?parent=77"}],"wp:term":[{"taxonomy":"product_brand","embeddable":true,"href":"https:\/\/trueandes.com\/es\/wp-json\/wp\/v2\/product_brand?post=77"},{"taxonomy":"product_cat","embeddable":true,"href":"https:\/\/trueandes.com\/es\/wp-json\/wp\/v2\/product_cat?post=77"},{"taxonomy":"product_tag","embeddable":true,"href":"https:\/\/trueandes.com\/es\/wp-json\/wp\/v2\/product_tag?post=77"}],"curies":[{"name":"wp","href":"https:\/\/api.w.org\/{rel}","templated":true}]}}